{"id":2651,"date":"2020-07-08T09:06:34","date_gmt":"2020-07-08T09:06:34","guid":{"rendered":"https:\/\/asso.portailrgpd.fr\/?page_id=2651"},"modified":"2020-07-10T07:00:33","modified_gmt":"2020-07-10T07:00:33","slug":"mentions-legales","status":"publish","type":"page","link":"https:\/\/asso.portailrgpd.fr\/index.php\/mentions-legales\/","title":{"rendered":"Mentions L\u00e9gales"},"content":{"rendered":"<section class=\"kc-elm kc-css-968039 kc_row\"><div class=\"kc-row-container  kc-container\"><div class=\"kc-wrap-columns\"><div class=\"kc-elm kc-css-766194 kc_col-sm-1 kc_column kc_col-sm-1\"><div class=\"kc-col-container\"><\/div><\/div><div class=\"kc-elm kc-css-358250 kc_col-sm-10 kc_column kc_col-sm-10\"><div class=\"kc-col-container\"><div class=\"kc-elm kc-css-32083 kc_text_block\"><\/p>\n<div style=\"text-align: justify;\">\n<h4><strong style=\"color: #0eaf96;\">\u00c9diteur<\/strong><\/h4>\n<p>Le pr\u00e9sent site internet <a href=\"https:\/\/asso.portailrgpd.fr\/\"><strong>https:\/\/asso.portailrgpd.fr<\/strong><\/a> est \u00e9dit\u00e9 par \u00a9<strong>DATA VIGI PROTECTION<\/strong>,&nbsp;<strong>SAS<\/strong>&nbsp;au capital social de&nbsp;<strong>120 000\u20ac<\/strong>&nbsp; dont le si\u00e8ge social est situ\u00e9&nbsp;<strong>2 rue Hippolyte Bayard, 60000 Beauvais.<\/strong><\/p>\n<p>Vous pouvez nous joindre par t\u00e9l\u00e9phone au&nbsp;<strong>03 22 44 22 30<\/strong>&nbsp;ou par mail \u00e0 l\u2019adresse suivante :&nbsp;<strong>contact@datavigiprotection.fr<\/strong><\/p>\n<p>Le directeur de la publication est&nbsp;<strong>Monsieur David LEFEVRE<\/strong>,&nbsp;<strong>Directeur G\u00e9n\u00e9ral.<\/strong><\/p>\n<p>Num\u00e9ro individuel d\u2019identification fiscale : FR25838809218<br \/>Num\u00e9ro d\u2019inscription au Registre du Commerce et des soci\u00e9t\u00e9s : 838 809 218 RCS Beauvais<\/p>\n<h4><strong style=\"color: #0eaf96;\">H\u00e9bergement<\/strong><\/h4>\n<p>Le pr\u00e9sent site internet est h\u00e9berg\u00e9 par&nbsp;<strong>OVH<\/strong>&nbsp;dont l\u2019adresse est&nbsp;<strong>2 rue Kellermann, 59100 Roubaix, France<\/strong>, joignable par courriel \u00e0 l\u2019adresse suivante :&nbsp;<strong>http:\/\/www.ovh.com\/fr\/support\/<\/strong><\/p>\n<p>Le site internet <a href=\"https:\/\/asso.portailrgpd.fr\/\"><strong>https:\/\/asso.portailrgpd.fr<\/strong><\/a>&nbsp;a \u00e9t\u00e9 con\u00e7u et r\u00e9alis\u00e9 par \u00a9<strong>DATA VIGI PROTECTION<\/strong>.<\/p>\n<h4><strong style=\"color: #0eaf96;\">Conditions g\u00e9n\u00e9rales d\u2019utilisation du site et des services propos\u00e9s.<\/strong><\/h4>\n<p>L\u2019utilisation du site&nbsp;<a href=\"https:\/\/asso.portailrgpd.fr\">https:\/\/asso.portailrgpd.fr<\/a>&nbsp;implique l\u2019acceptation pleine et enti\u00e8re des conditions g\u00e9n\u00e9rales d\u2019utilisation ci-dessous d\u00e9crites. Ces conditions d\u2019utilisation sont susceptibles d\u2019\u00eatre modifi\u00e9es ou compl\u00e9t\u00e9es \u00e0 tout moment, les utilisateurs du site&nbsp;<a href=\"https:\/\/asso.portailrgpd.fr\">https:\/\/asso.portailrgpd.fr<\/a>&nbsp;sont donc invit\u00e9s \u00e0 les consulter de mani\u00e8re r\u00e9guli\u00e8re.<\/p>\n<p>Ce site internet est normalement accessible \u00e0 tout moment aux utilisateurs. Une interruption pour raison de maintenance technique peut \u00eatre toutefois d\u00e9cid\u00e9e par&nbsp;<a href=\"https:\/\/asso.portailrgpd.fr\">https:\/\/asso.portailrgpd.fr<\/a>, qui s\u2019efforcera alors de communiquer pr\u00e9alablement aux utilisateurs les dates et heures de l\u2019intervention. Le site web&nbsp;<a href=\"https:\/\/asso.portailrgpd.fr\">https:\/\/asso.portailrgpd.fr<\/a>&nbsp;est mis \u00e0 jour r\u00e9guli\u00e8rement par&nbsp;<a href=\"https:\/\/asso.portailrgpd.fr\">https:\/\/asso.portailrgpd.fr<\/a>&nbsp;responsable. De la m\u00eame fa\u00e7on, les mentions l\u00e9gales peuvent \u00eatre modifi\u00e9es \u00e0 tout moment : elles s\u2019imposent n\u00e9anmoins \u00e0 l\u2019utilisateur qui est invit\u00e9 \u00e0 s\u2019y r\u00e9f\u00e9rer le plus souvent possible afin d\u2019en prendre connaissance.<\/p>\n<h4><strong style=\"color: #0eaf96;\">Propri\u00e9t\u00e9 intellectuelle et droits de reproduction<\/strong><\/h4>\n<p><strong>\u00a9DATA VIGI PROTECTION<\/strong>&nbsp;est propri\u00e9taire des droits de propri\u00e9t\u00e9 intellectuelle et d\u00e9tient les droits d\u2019usage sur tous les \u00e9l\u00e9ments accessibles sur le site internet, notamment les textes, images, graphismes, logos, vid\u00e9os, ic\u00f4nes, sons et documentations fournies \u00e0 travers les diff\u00e9rents services propos\u00e9s. Toute reproduction, repr\u00e9sentation, modification, publication, adaptation de tout ou partie des \u00e9l\u00e9ments du site, quel que soit le moyen ou le proc\u00e9d\u00e9 utilis\u00e9, est interdite, sauf autorisation \u00e9crite pr\u00e9alable.<\/p>\n<p>Toute exploitation non autoris\u00e9e du site ou de l\u2019un quelconque des \u00e9l\u00e9ments qu\u2019il contient sera consid\u00e9r\u00e9e comme constitutive d\u2019une contrefa\u00e7on et poursuivie conform\u00e9ment aux dispositions des articles L.335-2 et suivants du Code de Propri\u00e9t\u00e9 Intellectuelle.<\/p>\n<h4><strong style=\"color: #0eaf96;\">Protection des donn\u00e9es \u00e0 caract\u00e8re personnel<\/strong><\/h4>\n<p><strong>\u00a9DATA VIGI PROTECTION<\/strong> est sensible \u00e0 la question de la protection des donn\u00e9es \u00e0 caract\u00e8re personnel et a d\u00e9sign\u00e9, conform\u00e9ment au R\u00e9glement Europ\u00e9en sur la Protection des donn\u00e9es, un d\u00e9l\u00e9gu\u00e9 \u00e0 la protection des donn\u00e9es. Pour en savoir plus, vous&nbsp; pouvez consulter la politique de confidentialit\u00e9<a href=\"https:\/\/asso.portailrgpd.fr\/index.php\/politique-de-confidentialite\/\">&nbsp;ici.<\/a><\/p>\n<h4><strong style=\"color: #0eaf96;\">Limitations de responsabilit\u00e9.<\/strong><\/h4>\n<p>Conform\u00e9ment au Code de Propri\u00e9t\u00e9 Intellectuelle fran\u00e7ais, toutes les informations figurant sur le pr\u00e9sent site internet, telles que les descriptifs de services propos\u00e9s, photographies, images, textes, donn\u00e9es ou fonctionnalit\u00e9s, sont communiqu\u00e9s \u00e0 titre indicatif et ne sauraient engager la responsabilit\u00e9 de la soci\u00e9t\u00e9 \u00a9DATA VIGI PROTECTION, qui ne pourra \u00eatre tenu responsable pour tout dommage direct ou indirect caus\u00e9 par ce site internet ou tout autre service num\u00e9rique qui lui serait li\u00e9.<\/p>\n<p>\u00a9DATA VIGI PROTECTION ne pourra \u00e9galement \u00eatre tenu responsable des dommages indirects (tels par exemple qu\u2019une perte de march\u00e9 ou perte d\u2019une chance) cons\u00e9cutifs \u00e0 l\u2019utilisation de son site internet et des services propos\u00e9s. Des espaces interactifs (possibilit\u00e9 de poser des questions dans l\u2019espace contact) sont \u00e0 la disposition des utilisateurs. \u00a9<u>DATA VIGI PROTECTION<\/u>&nbsp;se r\u00e9serve le droit de supprimer, sans mise en demeure pr\u00e9alable, tout contenu d\u00e9pos\u00e9 dans cet espace qui contreviendrait \u00e0 la l\u00e9gislation applicable en France, en particulier aux dispositions relatives \u00e0 la protection des donn\u00e9es. Le cas \u00e9ch\u00e9ant, \u00a9DATA VIGI PROTECTION se r\u00e9serve \u00e9galement la possibilit\u00e9 de mettre en cause la responsabilit\u00e9 civile et\/ou p\u00e9nale de l\u2019utilisateur, notamment en cas de message \u00e0 caract\u00e8re raciste, injurieux, diffamant, ou pornographique, quel que soit le support utilis\u00e9 (texte, photographie \u2026).<\/p>\n<h4><strong style=\"color: #0eaf96;\">Droit applicable et attribution de juridiction.<\/strong><\/h4>\n<p>Tout litige en relation avec l\u2019utilisation du site&nbsp;<a href=\"https:\/\/asso.portailrgpd.fr\/\">https:\/\/asso.portailrgpd.fr\/<\/a>&nbsp;est soumis au droit fran\u00e7ais. En dehors des cas o\u00f9 la loi ne le permet pas, il est fait attribution exclusive de juridiction aux tribunaux comp\u00e9tents de AMIENS<\/p>\n<\/div>\n<p>\n<\/div><\/div><\/div><div class=\"kc-elm kc-css-9701 kc_col-sm-1 kc_column kc_col-sm-1\"><div class=\"kc-col-container\"><\/div><\/div><\/div><\/div><\/section>\n","protected":false},"excerpt":{"rendered":"","protected":false},"author":1,"featured_media":0,"parent":0,"menu_order":0,"comment_status":"closed","ping_status":"closed","template":"","meta":[],"_links":{"self":[{"href":"https:\/\/asso.portailrgpd.fr\/index.php\/wp-json\/wp\/v2\/pages\/2651"}],"collection":[{"href":"https:\/\/asso.portailrgpd.fr\/index.php\/wp-json\/wp\/v2\/pages"}],"about":[{"href":"https:\/\/asso.portailrgpd.fr\/index.php\/wp-json\/wp\/v2\/types\/page"}],"author":[{"embeddable":true,"href":"https:\/\/asso.portailrgpd.fr\/index.php\/wp-json\/wp\/v2\/users\/1"}],"replies":[{"embeddable":true,"href":"https:\/\/asso.portailrgpd.fr\/index.php\/wp-json\/wp\/v2\/comments?post=2651"}],"version-history":[{"count":10,"href":"https:\/\/asso.portailrgpd.fr\/index.php\/wp-json\/wp\/v2\/pages\/2651\/revisions"}],"predecessor-version":[{"id":2680,"href":"https:\/\/asso.portailrgpd.fr\/index.php\/wp-json\/wp\/v2\/pages\/2651\/revisions\/2680"}],"wp:attachment":[{"href":"https:\/\/asso.portailrgpd.fr\/index.php\/wp-json\/wp\/v2\/media?parent=2651"}],"curies":[{"name":"wp","href":"https:\/\/api.w.org\/{rel}","templated":true}]}}